{"id":3572,"date":"2020-07-20T15:52:47","date_gmt":"2020-07-20T13:52:47","guid":{"rendered":"https:\/\/wiltell.ch\/accueil\/"},"modified":"2025-02-05T14:22:24","modified_gmt":"2025-02-05T13:22:24","slug":"accueil","status":"publish","type":"page","link":"https:\/\/wiltell.ch\/de\/","title":{"rendered":"Startseite"},"content":{"rendered":"<p>[et_pb_section fb_built=&#8220;1&#8243; _builder_version=&#8220;4.16&#8243; custom_margin=&#8220;0px||0px||false|false&#8220; custom_padding=&#8220;0px||0px||false|false&#8220; global_colors_info=&#8220;{}&#8220;][et_pb_row _builder_version=&#8220;4.17.1&#8243; _module_preset=&#8220;default&#8220; global_colors_info=&#8220;{}&#8220;][et_pb_column type=&#8220;4_4&#8243; _builder_version=&#8220;4.17.1&#8243; _module_preset=&#8220;default&#8220; global_colors_info=&#8220;{}&#8220;][et_pb_slider _builder_version=&#8220;4.17.1&#8243; _module_preset=&#8220;default&#8220; animation_style=&#8220;fade&#8220; animation_duration=&#8220;3000ms&#8220; auto=&#8220;on&#8220; hover_transition_duration=&#8220;500ms&#8220; hover_transition_delay=&#8220;3000ms&#8220; global_colors_info=&#8220;{}&#8220;][et_pb_slide heading=&#8220;Die Wiltell Uhr&#8220; _builder_version=&#8220;4.17.1&#8243; _module_preset=&#8220;default&#8220; header_text_color=&#8220;#000000&#8243; body_font_size=&#8220;20px&#8220; background_image=&#8220;https:\/\/wiltell.ch\/wp-content\/uploads\/2017\/07\/ESQUISSE-MAIN.jpg&#8220; background_enable_image=&#8220;on&#8220; text_orientation=&#8220;left&#8220; background_layout=&#8220;light&#8220; global_colors_info=&#8220;{}&#8220; sticky_transition=&#8220;on&#8220;]<\/p>\n<p><span style=\"color: #000000;\">100% in der Schweiz hergestellt.<\/span><\/p>\n<p>[\/et_pb_slide][\/et_pb_slider][\/et_pb_column][\/et_pb_row][\/et_pb_section][et_pb_section fb_built=&#8220;1&#8243; custom_padding_last_edited=&#8220;on|phone&#8220; _builder_version=&#8220;4.16&#8243; _module_preset=&#8220;default&#8220; custom_padding=&#8220;0px||80px||false|false&#8220; custom_padding_tablet=&#8220;&#8220; custom_padding_phone=&#8220;||60px||false|false&#8220; global_colors_info=&#8220;{}&#8220;][et_pb_row column_structure=&#8220;3_5,2_5&#8243; custom_padding_last_edited=&#8220;on|desktop&#8220; _builder_version=&#8220;4.16&#8243; _module_preset=&#8220;default&#8220; custom_padding=&#8220;0px|0px|0px||false|false&#8220; custom_padding_tablet=&#8220;&#8220; custom_padding_phone=&#8220;&#8220; global_colors_info=&#8220;{}&#8220;][et_pb_column type=&#8220;3_5&#8243; _builder_version=&#8220;4.16&#8243; _module_preset=&#8220;default&#8220; global_colors_info=&#8220;{}&#8220;][et_pb_text _builder_version=&#8220;4.17.1&#8243; _module_preset=&#8220;default&#8220; custom_padding=&#8220;|80px|||false|false&#8220; custom_padding_tablet=&#8220;&#8220; custom_padding_phone=&#8220;|0px||1px|false|false&#8220; custom_padding_last_edited=&#8220;on|phone&#8220; global_colors_info=&#8220;{}&#8220;]<\/p>\n<h2>WilTell pr\u00e4sentiert seine neue Uhrenkollektion<br \/>100% in der Schweiz hergestellt.<\/h2>\n<p>Das Produkt ist ein innovativer Ansatz, bei dem \u00c4sthetik und Technik eng miteinander verkn\u00fcpft sind. Eine \u00ab dans l\u2019air du temps \u00bb umweltfreundliche Uhr mit geringem CO2-Fu\u00dfabdruck.<\/p>\n<p>Eine \u00ab echte \u00bb Schweizer Uhr.<\/p>\n<h4><strong>Referenz WT-1-H1<\/strong><\/h4>\n<h4><strong>Verkaufspreis auf der Website: CHF 690.-<\/strong><\/h4>\n<p>Die WilTell-Uhren &#8222;Heimat&#8220;, eine limitierte Auflage von 50 Uhren, wurden in Zusammenarbeit mit der Scherenschnittk\u00fcnstlerin Catherine Schmidt hergestellt, die das Motiv auf dem Zifferblatt der Uhr entworfen hat.<\/p>\n<p>Ein Betrag in H\u00f6he von 10 % der Kosten der Uhr wird an &#8222;Zo\u00e9 4 life&#8220; gespendet, die sich f\u00fcr krebskranke Kinder einsetzt.<\/p>\n<p>Auf dem Boden der Uhr ist eine spezielle Widmung mit der Unterschrift des K\u00fcnstlers eingraviert.<\/p>\n<p>Die Uhr wird von einem Zertifikat und einem Originalabzug des Kunstwerks von Catherine Schmidt begleitet.<\/p>\n<p>&nbsp;<\/p>\n<p>[\/et_pb_text][et_pb_button button_url=&#8220;https:\/\/wiltell.ch\/produit\/wt-1-h1\/&#8220; button_text=&#8220;Jetzt bestellen&#8220; button_alignment=&#8220;left&#8220; button_alignment_tablet=&#8220;&#8220; button_alignment_phone=&#8220;center&#8220; button_alignment_last_edited=&#8220;on|phone&#8220; _builder_version=&#8220;4.17.1&#8243; _module_preset=&#8220;default&#8220; global_colors_info=&#8220;{}&#8220;][\/et_pb_button][\/et_pb_column][et_pb_column type=&#8220;2_5&#8243; _builder_version=&#8220;4.16&#8243; _module_preset=&#8220;default&#8220; global_colors_info=&#8220;{}&#8220;][et_pb_image src=&#8220;https:\/\/wiltell.ch\/wp-content\/uploads\/2022\/11\/WT-1-H1-3Q-BASE-2.jpeg&#8220; title_text=&#8220;WT-1-H1-3Q-BASE-2&#8243; show_in_lightbox=&#8220;on&#8220; _builder_version=&#8220;4.17.1&#8243; _module_preset=&#8220;default&#8220; custom_margin=&#8220;0px||||false|false&#8220; custom_margin_tablet=&#8220;20px||||false|false&#8220; custom_margin_phone=&#8220;&#8220; custom_margin_last_edited=&#8220;on|tablet&#8220; custom_padding=&#8220;|0px||40px|false|false&#8220; custom_padding_tablet=&#8220;|0px||0px|false|false&#8220; custom_padding_phone=&#8220;&#8220; custom_padding_last_edited=&#8220;on|phone&#8220; global_colors_info=&#8220;{}&#8220;][\/et_pb_image][\/et_pb_column][\/et_pb_row][et_pb_row _builder_version=&#8220;4.16&#8243; _module_preset=&#8220;default&#8220; custom_margin=&#8220;60px|auto||auto|false|false&#8220; custom_padding=&#8220;0px||0px||false|false&#8220; global_colors_info=&#8220;{}&#8220;][et_pb_column type=&#8220;4_4&#8243; _builder_version=&#8220;4.16&#8243; _module_preset=&#8220;default&#8220; global_colors_info=&#8220;{}&#8220;][et_pb_text _builder_version=&#8220;4.17.1&#8243; _module_preset=&#8220;default&#8220; global_colors_info=&#8220;{}&#8220;]<\/p>\n<h2 style=\"text-align: center;\">Neuheiten<\/h2>\n<p>[\/et_pb_text][et_pb_shop type=&#8220;product_category&#8220; include_categories=&#8220;309&#8243; _builder_version=&#8220;4.17.1&#8243; sale_price_font_size=&#8220;20px&#8220; width=&#8220;100%&#8220; custom_margin=&#8220;||0px|||&#8220; custom_padding=&#8220;||0px|||&#8220; sale_price_text_shadow_style=&#8220;preset4&#8243; saved_tabs=&#8220;all&#8220; global_colors_info=&#8220;{}&#8220;][\/et_pb_shop][et_pb_button button_url=&#8220;@ET-DC@eyJkeW5hbWljIjp0cnVlLCJjb250ZW50IjoicG9zdF9saW5rX3VybF9wYWdlIiwic2V0dGluZ3MiOnsicG9zdF9pZCI6IjE2MzQifX0=@&#8220; button_text=&#8220; Entdecken Sie unsere Neuheiten&#8220; button_alignment=&#8220;center&#8220; _builder_version=&#8220;4.17.1&#8243; _dynamic_attributes=&#8220;button_url&#8220; _module_preset=&#8220;default&#8220; custom_margin=&#8220;0px||||false|false&#8220; global_colors_info=&#8220;{}&#8220;][\/et_pb_button][\/et_pb_column][\/et_pb_row][et_pb_row _builder_version=&#8220;4.16&#8243; _module_preset=&#8220;default&#8220; custom_margin=&#8220;60px|auto||auto|false|false&#8220; custom_padding=&#8220;0px||0px||false|false&#8220; global_colors_info=&#8220;{}&#8220;][et_pb_column type=&#8220;4_4&#8243; _builder_version=&#8220;4.16&#8243; _module_preset=&#8220;default&#8220; global_colors_info=&#8220;{}&#8220;][et_pb_text _builder_version=&#8220;4.17.1&#8243; _module_preset=&#8220;default&#8220; global_colors_info=&#8220;{}&#8220;]<\/p>\n<h2 style=\"text-align: center;\">Kollektion<\/h2>\n<p>[\/et_pb_text][et_pb_shop type=&#8220;product_category&#8220; include_categories=&#8220;291&#8243; _builder_version=&#8220;4.16&#8243; sale_price_font_size=&#8220;20px&#8220; width=&#8220;100%&#8220; custom_margin=&#8220;||0px|||&#8220; custom_padding=&#8220;||0px|||&#8220; sale_price_text_shadow_style=&#8220;preset4&#8243; saved_tabs=&#8220;all&#8220; global_colors_info=&#8220;{}&#8220;][\/et_pb_shop][et_pb_button button_url=&#8220;@ET-DC@eyJkeW5hbWljIjp0cnVlLCJjb250ZW50IjoicG9zdF9saW5rX3VybF9wYWdlIiwic2V0dGluZ3MiOnsicG9zdF9pZCI6IjE2MzQifX0=@&#8220; button_text=&#8220;Entdecken Sie die Kollektion&#8220; button_alignment=&#8220;center&#8220; _builder_version=&#8220;4.16&#8243; _dynamic_attributes=&#8220;button_url&#8220; _module_preset=&#8220;default&#8220; custom_margin=&#8220;0px||||false|false&#8220; global_colors_info=&#8220;{}&#8220;][\/et_pb_button][\/et_pb_column][\/et_pb_row][\/et_pb_section]<\/p>\n","protected":false},"excerpt":{"rendered":"<p>100% in der Schweiz hergestellt.WilTell pr\u00e4sentiert seine neue Uhrenkollektion100% in der Schweiz hergestellt. Das Produkt ist ein innovativer Ansatz, bei dem \u00c4sthetik und Technik eng miteinander verkn\u00fcpft sind. Eine \u00ab dans l\u2019air du temps \u00bb umweltfreundliche Uhr mit geringem CO2-Fu\u00dfabdruck. Eine \u00ab echte \u00bb Schweizer Uhr. Referenz WT-1-H1 Verkaufspreis auf der Website: CHF 690.- Die [&hellip;]<\/p>\n","protected":false},"author":16,"featured_media":0,"parent":0,"menu_order":0,"comment_status":"closed","ping_status":"closed","template":"","meta":{"_et_pb_use_builder":"on","_et_pb_old_content":"","_et_gb_content_width":"","footnotes":""},"class_list":["post-3572","page","type-page","status-publish","hentry"],"yoast_head":"<!-- This site is optimized with the Yoast SEO plugin v27.5 - https:\/\/yoast.com\/product\/yoast-seo-wordpress\/ -->\n<title>La Montre WilTell - 100% produite en Suisse et \u00e9co-responsable<\/title>\n<meta name=\"description\" content=\"Nous proposons des montres fiables et de qualit\u00e9 pour hommes et femmes enti\u00e8rement r\u00e9alis\u00e9es en Suisse pour une production horlog\u00e8re \u00e9cologique.\" \/>\n<meta name=\"robots\" content=\"index, follow, max-snippet:-1, max-image-preview:large, max-video-preview:-1\" \/>\n<link rel=\"canonical\" href=\"https:\/\/wiltell.ch\/de\/\" \/>\n<meta property=\"og:locale\" content=\"de_DE\" \/>\n<meta property=\"og:type\" content=\"article\" \/>\n<meta property=\"og:title\" content=\"La Montre WilTell - 100% produite en Suisse et \u00e9co-responsable\" \/>\n<meta property=\"og:description\" content=\"Nous proposons des montres fiables et de qualit\u00e9 pour hommes et femmes enti\u00e8rement r\u00e9alis\u00e9es en Suisse pour une production horlog\u00e8re \u00e9cologique.\" \/>\n<meta property=\"og:url\" content=\"https:\/\/wiltell.ch\/de\/\" \/>\n<meta property=\"og:site_name\" content=\"La Montre WilTell\" \/>\n<meta property=\"article:publisher\" content=\"https:\/\/www.facebook.com\/lamontresuisse\/\" \/>\n<meta property=\"article:modified_time\" content=\"2025-02-05T13:22:24+00:00\" \/>\n<meta property=\"og:image\" content=\"https:\/\/wiltell.ch\/wp-content\/uploads\/2018\/02\/598828AC-F638-45C3-B159-93CBDB7D13E0.jpeg\" \/>\n\t<meta property=\"og:image:width\" content=\"2016\" \/>\n\t<meta property=\"og:image:height\" content=\"1512\" \/>\n\t<meta property=\"og:image:type\" content=\"image\/jpeg\" \/>\n<meta name=\"twitter:card\" content=\"summary_large_image\" \/>\n<meta name=\"twitter:site\" content=\"@EddyBurgener\" \/>\n<meta name=\"twitter:label1\" content=\"Gesch\u00e4tzte Lesezeit\" \/>\n\t<meta name=\"twitter:data1\" content=\"4\u00a0Minuten\" \/>\n<script type=\"application\/ld+json\" class=\"yoast-schema-graph\">{\"@context\":\"https:\\\/\\\/schema.org\",\"@graph\":[{\"@type\":\"WebPage\",\"@id\":\"https:\\\/\\\/wiltell.ch\\\/de\\\/\",\"url\":\"https:\\\/\\\/wiltell.ch\\\/de\\\/\",\"name\":\"La Montre WilTell - 100% produite en Suisse et \u00e9co-responsable\",\"isPartOf\":{\"@id\":\"https:\\\/\\\/wiltell.ch\\\/en\\\/#website\"},\"datePublished\":\"2020-07-20T13:52:47+00:00\",\"dateModified\":\"2025-02-05T13:22:24+00:00\",\"description\":\"Nous proposons des montres fiables et de qualit\u00e9 pour hommes et femmes enti\u00e8rement r\u00e9alis\u00e9es en Suisse pour une production horlog\u00e8re \u00e9cologique.\",\"breadcrumb\":{\"@id\":\"https:\\\/\\\/wiltell.ch\\\/de\\\/#breadcrumb\"},\"inLanguage\":\"de\",\"potentialAction\":[{\"@type\":\"ReadAction\",\"target\":[\"https:\\\/\\\/wiltell.ch\\\/de\\\/\"]}]},{\"@type\":\"BreadcrumbList\",\"@id\":\"https:\\\/\\\/wiltell.ch\\\/de\\\/#breadcrumb\",\"itemListElement\":[{\"@type\":\"ListItem\",\"position\":1,\"name\":\"Accueil\",\"item\":\"https:\\\/\\\/wiltell.ch\\\/de\\\/\"},{\"@type\":\"ListItem\",\"position\":2,\"name\":\"Startseite\"}]},{\"@type\":\"WebSite\",\"@id\":\"https:\\\/\\\/wiltell.ch\\\/en\\\/#website\",\"url\":\"https:\\\/\\\/wiltell.ch\\\/en\\\/\",\"name\":\"La Montre WilTell\",\"description\":\"100% produite en Suisse et \u00e9co-responsable\",\"publisher\":{\"@id\":\"https:\\\/\\\/wiltell.ch\\\/en\\\/#organization\"},\"potentialAction\":[{\"@type\":\"SearchAction\",\"target\":{\"@type\":\"EntryPoint\",\"urlTemplate\":\"https:\\\/\\\/wiltell.ch\\\/en\\\/?s={search_term_string}\"},\"query-input\":{\"@type\":\"PropertyValueSpecification\",\"valueRequired\":true,\"valueName\":\"search_term_string\"}}],\"inLanguage\":\"de\"},{\"@type\":\"Organization\",\"@id\":\"https:\\\/\\\/wiltell.ch\\\/en\\\/#organization\",\"name\":\"WilTell S\u00e0rl\",\"url\":\"https:\\\/\\\/wiltell.ch\\\/en\\\/\",\"logo\":{\"@type\":\"ImageObject\",\"inLanguage\":\"de\",\"@id\":\"https:\\\/\\\/wiltell.ch\\\/en\\\/#\\\/schema\\\/logo\\\/image\\\/\",\"url\":\"https:\\\/\\\/i0.wp.com\\\/wiltell.ch\\\/wp-content\\\/uploads\\\/2017\\\/12\\\/WILTELL-LOGO-2-1.jpg?fit=397%2C397&ssl=1\",\"contentUrl\":\"https:\\\/\\\/i0.wp.com\\\/wiltell.ch\\\/wp-content\\\/uploads\\\/2017\\\/12\\\/WILTELL-LOGO-2-1.jpg?fit=397%2C397&ssl=1\",\"width\":397,\"height\":397,\"caption\":\"WilTell S\u00e0rl\"},\"image\":{\"@id\":\"https:\\\/\\\/wiltell.ch\\\/en\\\/#\\\/schema\\\/logo\\\/image\\\/\"},\"sameAs\":[\"https:\\\/\\\/www.facebook.com\\\/lamontresuisse\\\/\",\"https:\\\/\\\/x.com\\\/EddyBurgener\",\"http:\\\/\\\/wiltellwatch\",\"http:\\\/\\\/linkedin.com\\\/in\\\/eddy-burgener-00b90269\",\"https:\\\/\\\/www.youtube.com\\\/channel\\\/UCIc9daFBAg8dxVERsIQl5eA\"]}]}<\/script>\n<!-- \/ Yoast SEO plugin. -->","yoast_head_json":{"title":"La Montre WilTell - 100% produite en Suisse et \u00e9co-responsable","description":"Nous proposons des montres fiables et de qualit\u00e9 pour hommes et femmes enti\u00e8rement r\u00e9alis\u00e9es en Suisse pour une production horlog\u00e8re \u00e9cologique.","robots":{"index":"index","follow":"follow","max-snippet":"max-snippet:-1","max-image-preview":"max-image-preview:large","max-video-preview":"max-video-preview:-1"},"canonical":"https:\/\/wiltell.ch\/de\/","og_locale":"de_DE","og_type":"article","og_title":"La Montre WilTell - 100% produite en Suisse et \u00e9co-responsable","og_description":"Nous proposons des montres fiables et de qualit\u00e9 pour hommes et femmes enti\u00e8rement r\u00e9alis\u00e9es en Suisse pour une production horlog\u00e8re \u00e9cologique.","og_url":"https:\/\/wiltell.ch\/de\/","og_site_name":"La Montre WilTell","article_publisher":"https:\/\/www.facebook.com\/lamontresuisse\/","article_modified_time":"2025-02-05T13:22:24+00:00","og_image":[{"width":2016,"height":1512,"url":"https:\/\/wiltell.ch\/wp-content\/uploads\/2018\/02\/598828AC-F638-45C3-B159-93CBDB7D13E0.jpeg","type":"image\/jpeg"}],"twitter_card":"summary_large_image","twitter_site":"@EddyBurgener","twitter_misc":{"Gesch\u00e4tzte Lesezeit":"4\u00a0Minuten"},"schema":{"@context":"https:\/\/schema.org","@graph":[{"@type":"WebPage","@id":"https:\/\/wiltell.ch\/de\/","url":"https:\/\/wiltell.ch\/de\/","name":"La Montre WilTell - 100% produite en Suisse et \u00e9co-responsable","isPartOf":{"@id":"https:\/\/wiltell.ch\/en\/#website"},"datePublished":"2020-07-20T13:52:47+00:00","dateModified":"2025-02-05T13:22:24+00:00","description":"Nous proposons des montres fiables et de qualit\u00e9 pour hommes et femmes enti\u00e8rement r\u00e9alis\u00e9es en Suisse pour une production horlog\u00e8re \u00e9cologique.","breadcrumb":{"@id":"https:\/\/wiltell.ch\/de\/#breadcrumb"},"inLanguage":"de","potentialAction":[{"@type":"ReadAction","target":["https:\/\/wiltell.ch\/de\/"]}]},{"@type":"BreadcrumbList","@id":"https:\/\/wiltell.ch\/de\/#breadcrumb","itemListElement":[{"@type":"ListItem","position":1,"name":"Accueil","item":"https:\/\/wiltell.ch\/de\/"},{"@type":"ListItem","position":2,"name":"Startseite"}]},{"@type":"WebSite","@id":"https:\/\/wiltell.ch\/en\/#website","url":"https:\/\/wiltell.ch\/en\/","name":"La Montre WilTell","description":"100% produite en Suisse et \u00e9co-responsable","publisher":{"@id":"https:\/\/wiltell.ch\/en\/#organization"},"potentialAction":[{"@type":"SearchAction","target":{"@type":"EntryPoint","urlTemplate":"https:\/\/wiltell.ch\/en\/?s={search_term_string}"},"query-input":{"@type":"PropertyValueSpecification","valueRequired":true,"valueName":"search_term_string"}}],"inLanguage":"de"},{"@type":"Organization","@id":"https:\/\/wiltell.ch\/en\/#organization","name":"WilTell S\u00e0rl","url":"https:\/\/wiltell.ch\/en\/","logo":{"@type":"ImageObject","inLanguage":"de","@id":"https:\/\/wiltell.ch\/en\/#\/schema\/logo\/image\/","url":"https:\/\/i0.wp.com\/wiltell.ch\/wp-content\/uploads\/2017\/12\/WILTELL-LOGO-2-1.jpg?fit=397%2C397&ssl=1","contentUrl":"https:\/\/i0.wp.com\/wiltell.ch\/wp-content\/uploads\/2017\/12\/WILTELL-LOGO-2-1.jpg?fit=397%2C397&ssl=1","width":397,"height":397,"caption":"WilTell S\u00e0rl"},"image":{"@id":"https:\/\/wiltell.ch\/en\/#\/schema\/logo\/image\/"},"sameAs":["https:\/\/www.facebook.com\/lamontresuisse\/","https:\/\/x.com\/EddyBurgener","http:\/\/wiltellwatch","http:\/\/linkedin.com\/in\/eddy-burgener-00b90269","https:\/\/www.youtube.com\/channel\/UCIc9daFBAg8dxVERsIQl5eA"]}]}},"_links":{"self":[{"href":"https:\/\/wiltell.ch\/de\/wp-json\/wp\/v2\/pages\/3572","targetHints":{"allow":["GET"]}}],"collection":[{"href":"https:\/\/wiltell.ch\/de\/wp-json\/wp\/v2\/pages"}],"about":[{"href":"https:\/\/wiltell.ch\/de\/wp-json\/wp\/v2\/types\/page"}],"author":[{"embeddable":true,"href":"https:\/\/wiltell.ch\/de\/wp-json\/wp\/v2\/users\/16"}],"replies":[{"embeddable":true,"href":"https:\/\/wiltell.ch\/de\/wp-json\/wp\/v2\/comments?post=3572"}],"version-history":[{"count":8,"href":"https:\/\/wiltell.ch\/de\/wp-json\/wp\/v2\/pages\/3572\/revisions"}],"predecessor-version":[{"id":4310,"href":"https:\/\/wiltell.ch\/de\/wp-json\/wp\/v2\/pages\/3572\/revisions\/4310"}],"wp:attachment":[{"href":"https:\/\/wiltell.ch\/de\/wp-json\/wp\/v2\/media?parent=3572"}],"curies":[{"name":"wp","href":"https:\/\/api.w.org\/{rel}","templated":true}]}}