{"id":3613,"date":"2017-07-10T14:23:42","date_gmt":"2017-07-10T12:23:42","guid":{"rendered":"https:\/\/wiltell.ch\/the-team\/"},"modified":"2020-08-17T12:14:28","modified_gmt":"2020-08-17T10:14:28","slug":"the-team","status":"publish","type":"page","link":"https:\/\/wiltell.ch\/de\/the-team\/","title":{"rendered":"Team WilTell"},"content":{"rendered":"<p>[et_pb_section fb_built=&#8220;1&#8243; _builder_version=&#8220;3.22.3&#8243;][et_pb_row column_structure=&#8220;1_3,1_3,1_3&#8243; _builder_version=&#8220;3.25&#8243; background_size=&#8220;initial&#8220; background_position=&#8220;top_left&#8220; background_repeat=&#8220;repeat&#8220;][et_pb_column type=&#8220;1_3&#8243; _builder_version=&#8220;3.25&#8243; custom_padding=&#8220;|||&#8220; custom_padding__hover=&#8220;|||&#8220;][et_pb_image src=&#8220;https:\/\/wiltell.ch\/wp-content\/uploads\/2017\/07\/OTTAVIA.jpg&#8220; align_tablet=&#8220;center&#8220; align_phone=&#8220;&#8220; align_last_edited=&#8220;on|desktop&#8220; _builder_version=&#8220;3.23&#8243; animation_style=&#8220;fade&#8220; animation_duration=&#8220;500ms&#8220; border_style=&#8220;solid&#8220; sticky=&#8220;off&#8220; always_center_on_mobile=&#8220;on&#8220;][\/et_pb_image][et_pb_text _builder_version=&#8220;4.5.1&#8243; custom_padding=&#8220;||0px|||&#8220;]<\/p>\n<h4 style=\"text-align: center;\"><strong>Ottavia Burgener<\/strong><\/h4>\n<p style=\"text-align: center;\">Marketing und Kommunikation<\/p>\n<p style=\"text-align: center;\"><span style=\"color: #ff0000;\"><\/span><\/p>\n<p>[\/et_pb_text][\/et_pb_column][et_pb_column type=&#8220;1_3&#8243; _builder_version=&#8220;3.25&#8243; custom_padding=&#8220;|||&#8220; custom_padding__hover=&#8220;|||&#8220;][et_pb_image src=&#8220;https:\/\/wiltell.ch\/wp-content\/uploads\/2017\/07\/Eddy-2.jpg&#8220; align_tablet=&#8220;center&#8220; align_phone=&#8220;&#8220; align_last_edited=&#8220;on|desktop&#8220; _builder_version=&#8220;3.23&#8243; animation_style=&#8220;fade&#8220; animation_duration=&#8220;500ms&#8220; border_style=&#8220;solid&#8220; sticky=&#8220;off&#8220; always_center_on_mobile=&#8220;on&#8220;][\/et_pb_image][et_pb_text _builder_version=&#8220;4.5.1&#8243;]<\/p>\n<div class=\"et_pb_text et_pb_module et_pb_bg_layout_light et_pb_text_align_left et_pb_text_1\">\n<div class=\"et_pb_text_inner\">\n<h4 style=\"text-align: center;\"><strong>Eddy Burgener<\/strong><\/h4>\n<p style=\"text-align: center;\">Designer, Projektinitiator<\/p>\n<p style=\"text-align: center;\"><span style=\"color: #ff0000;\"><\/span><\/p>\n<\/div>\n<\/div>\n<p>[\/et_pb_text][\/et_pb_column][et_pb_column type=&#8220;1_3&#8243; _builder_version=&#8220;3.25&#8243; custom_padding=&#8220;|||&#8220; custom_padding__hover=&#8220;|||&#8220;][et_pb_image src=&#8220;https:\/\/wiltell.ch\/wp-content\/uploads\/2017\/07\/FNOF-3.jpg&#8220; align_tablet=&#8220;center&#8220; align_phone=&#8220;&#8220; align_last_edited=&#8220;on|desktop&#8220; _builder_version=&#8220;3.23&#8243; animation_style=&#8220;fade&#8220; animation_duration=&#8220;500ms&#8220; border_style=&#8220;solid&#8220; sticky=&#8220;off&#8220; always_center_on_mobile=&#8220;on&#8220;][\/et_pb_image][et_pb_text _builder_version=&#8220;4.5.1&#8243;]<\/p>\n<div class=\"et_pb_text et_pb_module et_pb_bg_layout_light et_pb_text_align_left et_pb_text_2\">\n<div class=\"et_pb_text_inner\">\n<h4 style=\"text-align: center;\"><strong>Fran\u00e7ois Burgener<\/strong><\/h4>\n<p style=\"text-align: center;\">Plastiker und Berater<\/p>\n<\/div>\n<\/div>\n<p>[\/et_pb_text][\/et_pb_column][\/et_pb_row][et_pb_row _builder_version=&#8220;4.4.8&#8243;][et_pb_column type=&#8220;4_4&#8243; _builder_version=&#8220;4.4.8&#8243;][et_pb_text _builder_version=&#8220;4.5.1&#8243; hover_enabled=&#8220;0&#8243;]<\/p>\n<div class=\"page\" title=\"Page 2\">\n<div class=\"section\">\n<div class=\"layoutArea\">\n<div class=\"column\">\n<p style=\"text-align: center;\"><strong>Eddy Burgener. Uhrendesigner in Le Landeron in der Schweiz, beschliesst eine 100% Schweizer Uhr zu einem erschwinglichen Preis zu entwerfen.<\/strong><\/p>\n<div class=\"page\" title=\"Page 2\">\n<div class=\"section\">\n<div class=\"layoutArea\">\n<div class=\"column\">\n<div class=\"page\" title=\"Page 2\">\n<div class=\"section\">\n<div class=\"layoutArea\">\n<div class=\"column\">\n<p style=\"text-align: center;\"><strong> <\/strong><\/p>\n<\/div>\n<\/div>\n<\/div>\n<\/div>\n<\/div>\n<\/div>\n<\/div>\n<\/div>\n<\/div>\n<\/div>\n<\/div>\n<\/div>\n<p>[\/et_pb_text][\/et_pb_column][\/et_pb_row][\/et_pb_section]<\/p>\n","protected":false},"excerpt":{"rendered":"<p>Ottavia Burgener Marketing und Kommunikation Eddy Burgener Designer, Projektinitiator Fran\u00e7ois Burgener Plastiker und Berater Eddy Burgener. Uhrendesigner in Le Landeron in der Schweiz, beschliesst eine 100% Schweizer Uhr zu einem erschwinglichen Preis zu entwerfen.<\/p>\n","protected":false},"author":1,"featured_media":0,"parent":0,"menu_order":0,"comment_status":"closed","ping_status":"closed","template":"","meta":{"_et_pb_use_builder":"on","_et_pb_old_content":"<p>[et_pb_section bb_built=\"1\"][et_pb_row][et_pb_column type=\"1_3\"][et_pb_image _builder_version=\"3.0.53\" show_in_lightbox=\"off\" url_new_window=\"off\" use_overlay=\"off\" sticky=\"off\" align=\"left\" always_center_on_mobile=\"on\" border_style=\"solid\" force_fullwidth=\"off\" \/][et_pb_text _builder_version=\"3.0.53\" background_layout=\"light\" text_orientation=\"left\" border_style=\"solid\" \/][\/et_pb_column][et_pb_column type=\"1_3\"][et_pb_image _builder_version=\"3.0.53\" show_in_lightbox=\"off\" url_new_window=\"off\" use_overlay=\"off\" sticky=\"off\" align=\"left\" always_center_on_mobile=\"on\" border_style=\"solid\" force_fullwidth=\"off\" \/][et_pb_text _builder_version=\"3.0.53\" background_layout=\"light\" text_orientation=\"left\" border_style=\"solid\" \/][\/et_pb_column][et_pb_column type=\"1_3\"][et_pb_image _builder_version=\"3.0.53\" show_in_lightbox=\"off\" url_new_window=\"off\" use_overlay=\"off\" sticky=\"off\" align=\"left\" always_center_on_mobile=\"on\" border_style=\"solid\" force_fullwidth=\"off\" \/][et_pb_text _builder_version=\"3.0.53\" background_layout=\"light\" text_orientation=\"left\" border_style=\"solid\" \/][\/et_pb_column][\/et_pb_row][\/et_pb_section]<\/p>","_et_gb_content_width":"","footnotes":""},"class_list":["post-3613","page","type-page","status-publish","hentry"],"yoast_head":"<!-- This site is optimized with the Yoast SEO plugin v27.3 - https:\/\/yoast.com\/product\/yoast-seo-wordpress\/ -->\n<title>Team WilTell - La Montre WilTell<\/title>\n<meta name=\"description\" content=\"Rencontrez Eddy Burgener ainsi que sa team sp\u00e9cialis\u00e9e dans le cr\u00e9ation de montres suisses, \u00e0 prix abordable, pour homme comme pour femme.\" \/>\n<meta name=\"robots\" content=\"index, follow, max-snippet:-1, max-image-preview:large, max-video-preview:-1\" \/>\n<link rel=\"canonical\" href=\"https:\/\/wiltell.ch\/de\/the-team\/\" \/>\n<meta property=\"og:locale\" content=\"de_DE\" \/>\n<meta property=\"og:type\" content=\"article\" \/>\n<meta property=\"og:title\" content=\"Team WilTell - La Montre WilTell\" \/>\n<meta property=\"og:description\" content=\"Rencontrez Eddy Burgener ainsi que sa team sp\u00e9cialis\u00e9e dans le cr\u00e9ation de montres suisses, \u00e0 prix abordable, pour homme comme pour femme.\" \/>\n<meta property=\"og:url\" content=\"https:\/\/wiltell.ch\/de\/the-team\/\" \/>\n<meta property=\"og:site_name\" content=\"La Montre WilTell\" \/>\n<meta property=\"article:publisher\" content=\"https:\/\/www.facebook.com\/lamontresuisse\/\" \/>\n<meta property=\"article:modified_time\" content=\"2020-08-17T10:14:28+00:00\" \/>\n<meta property=\"og:image\" content=\"https:\/\/wiltell.ch\/wp-content\/uploads\/2018\/02\/598828AC-F638-45C3-B159-93CBDB7D13E0.jpeg\" \/>\n\t<meta property=\"og:image:width\" content=\"2016\" \/>\n\t<meta property=\"og:image:height\" content=\"1512\" \/>\n\t<meta property=\"og:image:type\" content=\"image\/jpeg\" \/>\n<meta name=\"twitter:card\" content=\"summary_large_image\" \/>\n<meta name=\"twitter:site\" content=\"@EddyBurgener\" \/>\n<meta name=\"twitter:label1\" content=\"Gesch\u00e4tzte Lesezeit\" \/>\n\t<meta name=\"twitter:data1\" content=\"1\u00a0Minute\" \/>\n<script type=\"application\/ld+json\" class=\"yoast-schema-graph\">{\"@context\":\"https:\\\/\\\/schema.org\",\"@graph\":[{\"@type\":\"WebPage\",\"@id\":\"https:\\\/\\\/wiltell.ch\\\/de\\\/the-team\\\/\",\"url\":\"https:\\\/\\\/wiltell.ch\\\/de\\\/the-team\\\/\",\"name\":\"Team WilTell - La Montre WilTell\",\"isPartOf\":{\"@id\":\"https:\\\/\\\/wiltell.ch\\\/en\\\/#website\"},\"datePublished\":\"2017-07-10T12:23:42+00:00\",\"dateModified\":\"2020-08-17T10:14:28+00:00\",\"description\":\"Rencontrez Eddy Burgener ainsi que sa team sp\u00e9cialis\u00e9e dans le cr\u00e9ation de montres suisses, \u00e0 prix abordable, pour homme comme pour femme.\",\"breadcrumb\":{\"@id\":\"https:\\\/\\\/wiltell.ch\\\/de\\\/the-team\\\/#breadcrumb\"},\"inLanguage\":\"de\",\"potentialAction\":[{\"@type\":\"ReadAction\",\"target\":[\"https:\\\/\\\/wiltell.ch\\\/de\\\/the-team\\\/\"]}]},{\"@type\":\"BreadcrumbList\",\"@id\":\"https:\\\/\\\/wiltell.ch\\\/de\\\/the-team\\\/#breadcrumb\",\"itemListElement\":[{\"@type\":\"ListItem\",\"position\":1,\"name\":\"Accueil\",\"item\":\"https:\\\/\\\/wiltell.ch\\\/de\\\/\"},{\"@type\":\"ListItem\",\"position\":2,\"name\":\"Team WilTell\"}]},{\"@type\":\"WebSite\",\"@id\":\"https:\\\/\\\/wiltell.ch\\\/en\\\/#website\",\"url\":\"https:\\\/\\\/wiltell.ch\\\/en\\\/\",\"name\":\"La Montre WilTell\",\"description\":\"100% produite en Suisse et \u00e9co-responsable\",\"publisher\":{\"@id\":\"https:\\\/\\\/wiltell.ch\\\/en\\\/#organization\"},\"potentialAction\":[{\"@type\":\"SearchAction\",\"target\":{\"@type\":\"EntryPoint\",\"urlTemplate\":\"https:\\\/\\\/wiltell.ch\\\/en\\\/?s={search_term_string}\"},\"query-input\":{\"@type\":\"PropertyValueSpecification\",\"valueRequired\":true,\"valueName\":\"search_term_string\"}}],\"inLanguage\":\"de\"},{\"@type\":\"Organization\",\"@id\":\"https:\\\/\\\/wiltell.ch\\\/en\\\/#organization\",\"name\":\"WilTell S\u00e0rl\",\"url\":\"https:\\\/\\\/wiltell.ch\\\/en\\\/\",\"logo\":{\"@type\":\"ImageObject\",\"inLanguage\":\"de\",\"@id\":\"https:\\\/\\\/wiltell.ch\\\/en\\\/#\\\/schema\\\/logo\\\/image\\\/\",\"url\":\"https:\\\/\\\/i0.wp.com\\\/wiltell.ch\\\/wp-content\\\/uploads\\\/2017\\\/12\\\/WILTELL-LOGO-2-1.jpg?fit=397%2C397&ssl=1\",\"contentUrl\":\"https:\\\/\\\/i0.wp.com\\\/wiltell.ch\\\/wp-content\\\/uploads\\\/2017\\\/12\\\/WILTELL-LOGO-2-1.jpg?fit=397%2C397&ssl=1\",\"width\":397,\"height\":397,\"caption\":\"WilTell S\u00e0rl\"},\"image\":{\"@id\":\"https:\\\/\\\/wiltell.ch\\\/en\\\/#\\\/schema\\\/logo\\\/image\\\/\"},\"sameAs\":[\"https:\\\/\\\/www.facebook.com\\\/lamontresuisse\\\/\",\"https:\\\/\\\/x.com\\\/EddyBurgener\",\"http:\\\/\\\/wiltellwatch\",\"http:\\\/\\\/linkedin.com\\\/in\\\/eddy-burgener-00b90269\",\"https:\\\/\\\/www.youtube.com\\\/channel\\\/UCIc9daFBAg8dxVERsIQl5eA\"]}]}<\/script>\n<!-- \/ Yoast SEO plugin. -->","yoast_head_json":{"title":"Team WilTell - La Montre WilTell","description":"Rencontrez Eddy Burgener ainsi que sa team sp\u00e9cialis\u00e9e dans le cr\u00e9ation de montres suisses, \u00e0 prix abordable, pour homme comme pour femme.","robots":{"index":"index","follow":"follow","max-snippet":"max-snippet:-1","max-image-preview":"max-image-preview:large","max-video-preview":"max-video-preview:-1"},"canonical":"https:\/\/wiltell.ch\/de\/the-team\/","og_locale":"de_DE","og_type":"article","og_title":"Team WilTell - La Montre WilTell","og_description":"Rencontrez Eddy Burgener ainsi que sa team sp\u00e9cialis\u00e9e dans le cr\u00e9ation de montres suisses, \u00e0 prix abordable, pour homme comme pour femme.","og_url":"https:\/\/wiltell.ch\/de\/the-team\/","og_site_name":"La Montre WilTell","article_publisher":"https:\/\/www.facebook.com\/lamontresuisse\/","article_modified_time":"2020-08-17T10:14:28+00:00","og_image":[{"width":2016,"height":1512,"url":"https:\/\/wiltell.ch\/wp-content\/uploads\/2018\/02\/598828AC-F638-45C3-B159-93CBDB7D13E0.jpeg","type":"image\/jpeg"}],"twitter_card":"summary_large_image","twitter_site":"@EddyBurgener","twitter_misc":{"Gesch\u00e4tzte Lesezeit":"1\u00a0Minute"},"schema":{"@context":"https:\/\/schema.org","@graph":[{"@type":"WebPage","@id":"https:\/\/wiltell.ch\/de\/the-team\/","url":"https:\/\/wiltell.ch\/de\/the-team\/","name":"Team WilTell - La Montre WilTell","isPartOf":{"@id":"https:\/\/wiltell.ch\/en\/#website"},"datePublished":"2017-07-10T12:23:42+00:00","dateModified":"2020-08-17T10:14:28+00:00","description":"Rencontrez Eddy Burgener ainsi que sa team sp\u00e9cialis\u00e9e dans le cr\u00e9ation de montres suisses, \u00e0 prix abordable, pour homme comme pour femme.","breadcrumb":{"@id":"https:\/\/wiltell.ch\/de\/the-team\/#breadcrumb"},"inLanguage":"de","potentialAction":[{"@type":"ReadAction","target":["https:\/\/wiltell.ch\/de\/the-team\/"]}]},{"@type":"BreadcrumbList","@id":"https:\/\/wiltell.ch\/de\/the-team\/#breadcrumb","itemListElement":[{"@type":"ListItem","position":1,"name":"Accueil","item":"https:\/\/wiltell.ch\/de\/"},{"@type":"ListItem","position":2,"name":"Team WilTell"}]},{"@type":"WebSite","@id":"https:\/\/wiltell.ch\/en\/#website","url":"https:\/\/wiltell.ch\/en\/","name":"La Montre WilTell","description":"100% produite en Suisse et \u00e9co-responsable","publisher":{"@id":"https:\/\/wiltell.ch\/en\/#organization"},"potentialAction":[{"@type":"SearchAction","target":{"@type":"EntryPoint","urlTemplate":"https:\/\/wiltell.ch\/en\/?s={search_term_string}"},"query-input":{"@type":"PropertyValueSpecification","valueRequired":true,"valueName":"search_term_string"}}],"inLanguage":"de"},{"@type":"Organization","@id":"https:\/\/wiltell.ch\/en\/#organization","name":"WilTell S\u00e0rl","url":"https:\/\/wiltell.ch\/en\/","logo":{"@type":"ImageObject","inLanguage":"de","@id":"https:\/\/wiltell.ch\/en\/#\/schema\/logo\/image\/","url":"https:\/\/i0.wp.com\/wiltell.ch\/wp-content\/uploads\/2017\/12\/WILTELL-LOGO-2-1.jpg?fit=397%2C397&ssl=1","contentUrl":"https:\/\/i0.wp.com\/wiltell.ch\/wp-content\/uploads\/2017\/12\/WILTELL-LOGO-2-1.jpg?fit=397%2C397&ssl=1","width":397,"height":397,"caption":"WilTell S\u00e0rl"},"image":{"@id":"https:\/\/wiltell.ch\/en\/#\/schema\/logo\/image\/"},"sameAs":["https:\/\/www.facebook.com\/lamontresuisse\/","https:\/\/x.com\/EddyBurgener","http:\/\/wiltellwatch","http:\/\/linkedin.com\/in\/eddy-burgener-00b90269","https:\/\/www.youtube.com\/channel\/UCIc9daFBAg8dxVERsIQl5eA"]}]}},"_links":{"self":[{"href":"https:\/\/wiltell.ch\/de\/wp-json\/wp\/v2\/pages\/3613","targetHints":{"allow":["GET"]}}],"collection":[{"href":"https:\/\/wiltell.ch\/de\/wp-json\/wp\/v2\/pages"}],"about":[{"href":"https:\/\/wiltell.ch\/de\/wp-json\/wp\/v2\/types\/page"}],"author":[{"embeddable":true,"href":"https:\/\/wiltell.ch\/de\/wp-json\/wp\/v2\/users\/1"}],"replies":[{"embeddable":true,"href":"https:\/\/wiltell.ch\/de\/wp-json\/wp\/v2\/comments?post=3613"}],"version-history":[{"count":3,"href":"https:\/\/wiltell.ch\/de\/wp-json\/wp\/v2\/pages\/3613\/revisions"}],"predecessor-version":[{"id":3750,"href":"https:\/\/wiltell.ch\/de\/wp-json\/wp\/v2\/pages\/3613\/revisions\/3750"}],"wp:attachment":[{"href":"https:\/\/wiltell.ch\/de\/wp-json\/wp\/v2\/media?parent=3613"}],"curies":[{"name":"wp","href":"https:\/\/api.w.org\/{rel}","templated":true}]}}