{"id":3631,"date":"2017-07-05T10:34:32","date_gmt":"2017-07-05T08:34:32","guid":{"rendered":"https:\/\/wiltell.ch\/shop\/"},"modified":"2022-12-05T17:35:45","modified_gmt":"2022-12-05T16:35:45","slug":"onlineshop","status":"publish","type":"page","link":"https:\/\/wiltell.ch\/de\/onlineshop\/","title":{"rendered":"Shop"},"content":{"rendered":"<p>[et_pb_section fb_built=&#8220;1&#8243; _builder_version=&#8220;4.16&#8243; background_color=&#8220;#ffffff&#8220; global_colors_info=&#8220;{}&#8220;][et_pb_row _builder_version=&#8220;4.16&#8243; global_colors_info=&#8220;{}&#8220;][et_pb_column type=&#8220;4_4&#8243; _builder_version=&#8220;4.16&#8243; custom_padding=&#8220;|||&#8220; global_colors_info=&#8220;{}&#8220; custom_padding__hover=&#8220;|||&#8220;][et_pb_text _builder_version=&#8220;4.17.1&#8243; text_font=&#8220;Arial|500|||||||&#8220; header_text_align=&#8220;justify&#8220; text_orientation=&#8220;justified&#8220; hover_enabled=&#8220;0&#8243; saved_tabs=&#8220;all&#8220; global_colors_info=&#8220;{}&#8220; sticky_enabled=&#8220;0&#8243;]<\/p>\n<h4 style=\"text-align: center;\"><strong>Die WilTell Uhr<\/strong><\/h4>\n<h5 style=\"text-align: center;\"><strong>SHOP<\/strong><\/h5>\n<p>[\/et_pb_text][et_pb_shop type=&#8220;product_category&#8220; _builder_version=&#8220;4.16&#8243; sale_price_font_size=&#8220;20px&#8220; width=&#8220;100%&#8220; sale_price_text_shadow_style=&#8220;preset4&#8243; saved_tabs=&#8220;all&#8220; global_colors_info=&#8220;{}&#8220;][\/et_pb_shop][et_pb_text _builder_version=&#8220;4.16&#8243; global_colors_info=&#8220;{}&#8220;]<\/p>\n<h5>Sie haben sich f\u00fcr die <strong>WilTell<\/strong> Uhr entschieden und diese Wahl beweist Ihr Bewusstsein, ein aussergew\u00f6hnliches Produkt zu sch\u00e4tzen und wir danken Ihnen daf\u00fcr. Sie werden diese Uhr gerne an Ihrem Handgelenk tragen und sie wird Sie eine lange Zeit begleiten.\u00a0Mit dem Erwerb einer WilTell Uhr werden Sie Markenbotschafter\u00a0und wir danken Ihnen herzlich daf\u00fcr.<\/h5>\n<h5><span style=\"color: #ff0000;\"><\/span><\/h5>\n<p>[\/et_pb_text][\/et_pb_column][\/et_pb_row][\/et_pb_section]<\/p>\n","protected":false},"excerpt":{"rendered":"<p>Die WilTell Uhr SHOPSie haben sich f\u00fcr die WilTell Uhr entschieden und diese Wahl beweist Ihr Bewusstsein, ein aussergew\u00f6hnliches Produkt zu sch\u00e4tzen und wir danken Ihnen daf\u00fcr. Sie werden diese Uhr gerne an Ihrem Handgelenk tragen und sie wird Sie eine lange Zeit begleiten.\u00a0Mit dem Erwerb einer WilTell Uhr werden Sie Markenbotschafter\u00a0und wir danken Ihnen [&hellip;]<\/p>\n","protected":false},"author":1,"featured_media":0,"parent":0,"menu_order":0,"comment_status":"closed","ping_status":"closed","template":"","meta":{"_et_pb_use_builder":"on","_et_pb_old_content":"","_et_gb_content_width":"","footnotes":""},"class_list":["post-3631","page","type-page","status-publish","hentry"],"yoast_head":"<!-- This site is optimized with the Yoast SEO plugin v27.3 - https:\/\/yoast.com\/product\/yoast-seo-wordpress\/ -->\n<title>Shop - La Montre WilTell<\/title>\n<meta name=\"description\" content=\"Commandez directement dans notre shop l&#039;une de nos montres de qualit\u00e9 enti\u00e8rement r\u00e9alis\u00e9es en Suisse pour homme et femme \u00e0 des prix attractifs.\" \/>\n<meta name=\"robots\" content=\"index, follow, max-snippet:-1, max-image-preview:large, max-video-preview:-1\" \/>\n<link rel=\"canonical\" href=\"https:\/\/wiltell.ch\/de\/onlineshop\/\" \/>\n<meta property=\"og:locale\" content=\"de_DE\" \/>\n<meta property=\"og:type\" content=\"article\" \/>\n<meta property=\"og:title\" content=\"Shop - La Montre WilTell\" \/>\n<meta property=\"og:description\" content=\"Commandez directement dans notre shop l&#039;une de nos montres de qualit\u00e9 enti\u00e8rement r\u00e9alis\u00e9es en Suisse pour homme et femme \u00e0 des prix attractifs.\" \/>\n<meta property=\"og:url\" content=\"https:\/\/wiltell.ch\/de\/onlineshop\/\" \/>\n<meta property=\"og:site_name\" content=\"La Montre WilTell\" \/>\n<meta property=\"article:publisher\" content=\"https:\/\/www.facebook.com\/lamontresuisse\/\" \/>\n<meta property=\"article:modified_time\" content=\"2022-12-05T16:35:45+00:00\" \/>\n<meta property=\"og:image\" content=\"https:\/\/wiltell.ch\/wp-content\/uploads\/2018\/02\/598828AC-F638-45C3-B159-93CBDB7D13E0.jpeg\" \/>\n\t<meta property=\"og:image:width\" content=\"2016\" \/>\n\t<meta property=\"og:image:height\" content=\"1512\" \/>\n\t<meta property=\"og:image:type\" content=\"image\/jpeg\" \/>\n<meta name=\"twitter:card\" content=\"summary_large_image\" \/>\n<meta name=\"twitter:site\" content=\"@EddyBurgener\" \/>\n<meta name=\"twitter:label1\" content=\"Gesch\u00e4tzte Lesezeit\" \/>\n\t<meta name=\"twitter:data1\" content=\"1\u00a0Minute\" \/>\n<script type=\"application\/ld+json\" class=\"yoast-schema-graph\">{\"@context\":\"https:\\\/\\\/schema.org\",\"@graph\":[{\"@type\":\"WebPage\",\"@id\":\"https:\\\/\\\/wiltell.ch\\\/de\\\/onlineshop\\\/\",\"url\":\"https:\\\/\\\/wiltell.ch\\\/de\\\/onlineshop\\\/\",\"name\":\"Shop - La Montre WilTell\",\"isPartOf\":{\"@id\":\"https:\\\/\\\/wiltell.ch\\\/en\\\/#website\"},\"datePublished\":\"2017-07-05T08:34:32+00:00\",\"dateModified\":\"2022-12-05T16:35:45+00:00\",\"description\":\"Commandez directement dans notre shop l'une de nos montres de qualit\u00e9 enti\u00e8rement r\u00e9alis\u00e9es en Suisse pour homme et femme \u00e0 des prix attractifs.\",\"breadcrumb\":{\"@id\":\"https:\\\/\\\/wiltell.ch\\\/de\\\/onlineshop\\\/#breadcrumb\"},\"inLanguage\":\"de\",\"potentialAction\":[{\"@type\":\"ReadAction\",\"target\":[\"https:\\\/\\\/wiltell.ch\\\/de\\\/onlineshop\\\/\"]}]},{\"@type\":\"BreadcrumbList\",\"@id\":\"https:\\\/\\\/wiltell.ch\\\/de\\\/onlineshop\\\/#breadcrumb\",\"itemListElement\":[{\"@type\":\"ListItem\",\"position\":1,\"name\":\"Accueil\",\"item\":\"https:\\\/\\\/wiltell.ch\\\/de\\\/\"},{\"@type\":\"ListItem\",\"position\":2,\"name\":\"Shop\"}]},{\"@type\":\"WebSite\",\"@id\":\"https:\\\/\\\/wiltell.ch\\\/en\\\/#website\",\"url\":\"https:\\\/\\\/wiltell.ch\\\/en\\\/\",\"name\":\"La Montre WilTell\",\"description\":\"100% produite en Suisse et \u00e9co-responsable\",\"publisher\":{\"@id\":\"https:\\\/\\\/wiltell.ch\\\/en\\\/#organization\"},\"potentialAction\":[{\"@type\":\"SearchAction\",\"target\":{\"@type\":\"EntryPoint\",\"urlTemplate\":\"https:\\\/\\\/wiltell.ch\\\/en\\\/?s={search_term_string}\"},\"query-input\":{\"@type\":\"PropertyValueSpecification\",\"valueRequired\":true,\"valueName\":\"search_term_string\"}}],\"inLanguage\":\"de\"},{\"@type\":\"Organization\",\"@id\":\"https:\\\/\\\/wiltell.ch\\\/en\\\/#organization\",\"name\":\"WilTell S\u00e0rl\",\"url\":\"https:\\\/\\\/wiltell.ch\\\/en\\\/\",\"logo\":{\"@type\":\"ImageObject\",\"inLanguage\":\"de\",\"@id\":\"https:\\\/\\\/wiltell.ch\\\/en\\\/#\\\/schema\\\/logo\\\/image\\\/\",\"url\":\"https:\\\/\\\/i0.wp.com\\\/wiltell.ch\\\/wp-content\\\/uploads\\\/2017\\\/12\\\/WILTELL-LOGO-2-1.jpg?fit=397%2C397&ssl=1\",\"contentUrl\":\"https:\\\/\\\/i0.wp.com\\\/wiltell.ch\\\/wp-content\\\/uploads\\\/2017\\\/12\\\/WILTELL-LOGO-2-1.jpg?fit=397%2C397&ssl=1\",\"width\":397,\"height\":397,\"caption\":\"WilTell S\u00e0rl\"},\"image\":{\"@id\":\"https:\\\/\\\/wiltell.ch\\\/en\\\/#\\\/schema\\\/logo\\\/image\\\/\"},\"sameAs\":[\"https:\\\/\\\/www.facebook.com\\\/lamontresuisse\\\/\",\"https:\\\/\\\/x.com\\\/EddyBurgener\",\"http:\\\/\\\/wiltellwatch\",\"http:\\\/\\\/linkedin.com\\\/in\\\/eddy-burgener-00b90269\",\"https:\\\/\\\/www.youtube.com\\\/channel\\\/UCIc9daFBAg8dxVERsIQl5eA\"]}]}<\/script>\n<!-- \/ Yoast SEO plugin. -->","yoast_head_json":{"title":"Shop - La Montre WilTell","description":"Commandez directement dans notre shop l'une de nos montres de qualit\u00e9 enti\u00e8rement r\u00e9alis\u00e9es en Suisse pour homme et femme \u00e0 des prix attractifs.","robots":{"index":"index","follow":"follow","max-snippet":"max-snippet:-1","max-image-preview":"max-image-preview:large","max-video-preview":"max-video-preview:-1"},"canonical":"https:\/\/wiltell.ch\/de\/onlineshop\/","og_locale":"de_DE","og_type":"article","og_title":"Shop - La Montre WilTell","og_description":"Commandez directement dans notre shop l'une de nos montres de qualit\u00e9 enti\u00e8rement r\u00e9alis\u00e9es en Suisse pour homme et femme \u00e0 des prix attractifs.","og_url":"https:\/\/wiltell.ch\/de\/onlineshop\/","og_site_name":"La Montre WilTell","article_publisher":"https:\/\/www.facebook.com\/lamontresuisse\/","article_modified_time":"2022-12-05T16:35:45+00:00","og_image":[{"width":2016,"height":1512,"url":"https:\/\/wiltell.ch\/wp-content\/uploads\/2018\/02\/598828AC-F638-45C3-B159-93CBDB7D13E0.jpeg","type":"image\/jpeg"}],"twitter_card":"summary_large_image","twitter_site":"@EddyBurgener","twitter_misc":{"Gesch\u00e4tzte Lesezeit":"1\u00a0Minute"},"schema":{"@context":"https:\/\/schema.org","@graph":[{"@type":"WebPage","@id":"https:\/\/wiltell.ch\/de\/onlineshop\/","url":"https:\/\/wiltell.ch\/de\/onlineshop\/","name":"Shop - La Montre WilTell","isPartOf":{"@id":"https:\/\/wiltell.ch\/en\/#website"},"datePublished":"2017-07-05T08:34:32+00:00","dateModified":"2022-12-05T16:35:45+00:00","description":"Commandez directement dans notre shop l'une de nos montres de qualit\u00e9 enti\u00e8rement r\u00e9alis\u00e9es en Suisse pour homme et femme \u00e0 des prix attractifs.","breadcrumb":{"@id":"https:\/\/wiltell.ch\/de\/onlineshop\/#breadcrumb"},"inLanguage":"de","potentialAction":[{"@type":"ReadAction","target":["https:\/\/wiltell.ch\/de\/onlineshop\/"]}]},{"@type":"BreadcrumbList","@id":"https:\/\/wiltell.ch\/de\/onlineshop\/#breadcrumb","itemListElement":[{"@type":"ListItem","position":1,"name":"Accueil","item":"https:\/\/wiltell.ch\/de\/"},{"@type":"ListItem","position":2,"name":"Shop"}]},{"@type":"WebSite","@id":"https:\/\/wiltell.ch\/en\/#website","url":"https:\/\/wiltell.ch\/en\/","name":"La Montre WilTell","description":"100% produite en Suisse et \u00e9co-responsable","publisher":{"@id":"https:\/\/wiltell.ch\/en\/#organization"},"potentialAction":[{"@type":"SearchAction","target":{"@type":"EntryPoint","urlTemplate":"https:\/\/wiltell.ch\/en\/?s={search_term_string}"},"query-input":{"@type":"PropertyValueSpecification","valueRequired":true,"valueName":"search_term_string"}}],"inLanguage":"de"},{"@type":"Organization","@id":"https:\/\/wiltell.ch\/en\/#organization","name":"WilTell S\u00e0rl","url":"https:\/\/wiltell.ch\/en\/","logo":{"@type":"ImageObject","inLanguage":"de","@id":"https:\/\/wiltell.ch\/en\/#\/schema\/logo\/image\/","url":"https:\/\/i0.wp.com\/wiltell.ch\/wp-content\/uploads\/2017\/12\/WILTELL-LOGO-2-1.jpg?fit=397%2C397&ssl=1","contentUrl":"https:\/\/i0.wp.com\/wiltell.ch\/wp-content\/uploads\/2017\/12\/WILTELL-LOGO-2-1.jpg?fit=397%2C397&ssl=1","width":397,"height":397,"caption":"WilTell S\u00e0rl"},"image":{"@id":"https:\/\/wiltell.ch\/en\/#\/schema\/logo\/image\/"},"sameAs":["https:\/\/www.facebook.com\/lamontresuisse\/","https:\/\/x.com\/EddyBurgener","http:\/\/wiltellwatch","http:\/\/linkedin.com\/in\/eddy-burgener-00b90269","https:\/\/www.youtube.com\/channel\/UCIc9daFBAg8dxVERsIQl5eA"]}]}},"_links":{"self":[{"href":"https:\/\/wiltell.ch\/de\/wp-json\/wp\/v2\/pages\/3631","targetHints":{"allow":["GET"]}}],"collection":[{"href":"https:\/\/wiltell.ch\/de\/wp-json\/wp\/v2\/pages"}],"about":[{"href":"https:\/\/wiltell.ch\/de\/wp-json\/wp\/v2\/types\/page"}],"author":[{"embeddable":true,"href":"https:\/\/wiltell.ch\/de\/wp-json\/wp\/v2\/users\/1"}],"replies":[{"embeddable":true,"href":"https:\/\/wiltell.ch\/de\/wp-json\/wp\/v2\/comments?post=3631"}],"version-history":[{"count":4,"href":"https:\/\/wiltell.ch\/de\/wp-json\/wp\/v2\/pages\/3631\/revisions"}],"predecessor-version":[{"id":4110,"href":"https:\/\/wiltell.ch\/de\/wp-json\/wp\/v2\/pages\/3631\/revisions\/4110"}],"wp:attachment":[{"href":"https:\/\/wiltell.ch\/de\/wp-json\/wp\/v2\/media?parent=3631"}],"curies":[{"name":"wp","href":"https:\/\/api.w.org\/{rel}","templated":true}]}}